{"id":1892,"date":"2022-03-10T07:56:44","date_gmt":"2022-03-10T07:56:44","guid":{"rendered":"https:\/\/new.zubakgrupa.hr\/karijere\/"},"modified":"2025-03-20T07:28:03","modified_gmt":"2025-03-20T07:28:03","slug":"careers","status":"publish","type":"page","link":"https:\/\/www.zubakgrupa.hr\/en\/careers\/","title":{"rendered":"Careers"},"content":{"rendered":"","protected":false},"excerpt":{"rendered":"","protected":false},"author":1,"featured_media":0,"parent":0,"menu_order":0,"comment_status":"closed","ping_status":"closed","template":"tpl-careers.php","meta":{"_acf_changed":false,"footnotes":""},"class_list":["post-1892","page","type-page","status-publish","hentry"],"acf":[],"yoast_head":"<!-- This site is optimized with the Yoast SEO plugin v26.1.1 - https:\/\/yoast.com\/wordpress\/plugins\/seo\/ -->\n<title>Careers | Zubak Grupa<\/title>\n<meta name=\"description\" content=\"Working in the Zubak Grupa is primarily dynamic. We strive for excellence, learn from our own experience and grow continuously. We highly value energetic and open people who believe in themselves, who are communicative, ready for business challenges and who are prone to teamwork.\" \/>\n<meta name=\"robots\" content=\"index, follow, max-snippet:-1, max-image-preview:large, max-video-preview:-1\" \/>\n<link rel=\"canonical\" href=\"https:\/\/www.zubakgrupa.hr\/en\/careers\/\" \/>\n<meta property=\"og:locale\" content=\"en_US\" \/>\n<meta property=\"og:type\" content=\"article\" \/>\n<meta property=\"og:title\" content=\"Careers | Zubak Grupa\" \/>\n<meta property=\"og:description\" content=\"Working in the Zubak Grupa is primarily dynamic. We strive for excellence, learn from our own experience and grow continuously. We highly value energetic and open people who believe in themselves, who are communicative, ready for business challenges and who are prone to teamwork.\" \/>\n<meta property=\"og:url\" content=\"https:\/\/www.zubakgrupa.hr\/en\/careers\/\" \/>\n<meta property=\"og:site_name\" content=\"Zubak Grupa\" \/>\n<meta property=\"article:modified_time\" content=\"2025-03-20T07:28:03+00:00\" \/>\n<meta name=\"twitter:card\" content=\"summary_large_image\" \/>\n<script type=\"application\/ld+json\" class=\"yoast-schema-graph\">{\"@context\":\"https:\/\/schema.org\",\"@graph\":[{\"@type\":\"WebPage\",\"@id\":\"https:\/\/www.zubakgrupa.hr\/en\/careers\/\",\"url\":\"https:\/\/www.zubakgrupa.hr\/en\/careers\/\",\"name\":\"Careers | Zubak Grupa\",\"isPartOf\":{\"@id\":\"https:\/\/www.zubakgrupa.hr\/#website\"},\"datePublished\":\"2022-03-10T07:56:44+00:00\",\"dateModified\":\"2025-03-20T07:28:03+00:00\",\"description\":\"Working in the Zubak Grupa is primarily dynamic. We strive for excellence, learn from our own experience and grow continuously. We highly value energetic and open people who believe in themselves, who are communicative, ready for business challenges and who are prone to teamwork.\",\"breadcrumb\":{\"@id\":\"https:\/\/www.zubakgrupa.hr\/en\/careers\/#breadcrumb\"},\"inLanguage\":\"en-US\",\"potentialAction\":[{\"@type\":\"ReadAction\",\"target\":[\"https:\/\/www.zubakgrupa.hr\/en\/careers\/\"]}]},{\"@type\":\"BreadcrumbList\",\"@id\":\"https:\/\/www.zubakgrupa.hr\/en\/careers\/#breadcrumb\",\"itemListElement\":[{\"@type\":\"ListItem\",\"position\":1,\"name\":\"Po\u010detna stranica\",\"item\":\"https:\/\/www.zubakgrupa.hr\/en\/\"},{\"@type\":\"ListItem\",\"position\":2,\"name\":\"Careers\"}]},{\"@type\":\"WebSite\",\"@id\":\"https:\/\/www.zubakgrupa.hr\/#website\",\"url\":\"https:\/\/www.zubakgrupa.hr\/\",\"name\":\"Zubak Grupa\",\"description\":\"Zubak Grupa zapo\u010dela je radom prije vi\u0161e od 40 godina kao mala automehani\u010darska radionica, a danas broji vi\u0161e od 600 zaposlenika...\",\"publisher\":{\"@id\":\"https:\/\/www.zubakgrupa.hr\/#organization\"},\"potentialAction\":[{\"@type\":\"SearchAction\",\"target\":{\"@type\":\"EntryPoint\",\"urlTemplate\":\"https:\/\/www.zubakgrupa.hr\/?s={search_term_string}\"},\"query-input\":{\"@type\":\"PropertyValueSpecification\",\"valueRequired\":true,\"valueName\":\"search_term_string\"}}],\"inLanguage\":\"en-US\"},{\"@type\":\"Organization\",\"@id\":\"https:\/\/www.zubakgrupa.hr\/#organization\",\"name\":\"Zubak Grupa\",\"url\":\"https:\/\/www.zubakgrupa.hr\/\",\"logo\":{\"@type\":\"ImageObject\",\"inLanguage\":\"en-US\",\"@id\":\"https:\/\/www.zubakgrupa.hr\/#\/schema\/logo\/image\/\",\"url\":\"https:\/\/www.zubakgrupa.hr\/wp-content\/uploads\/2022\/04\/Zubak_Grupa.png\",\"contentUrl\":\"https:\/\/www.zubakgrupa.hr\/wp-content\/uploads\/2022\/04\/Zubak_Grupa.png\",\"width\":1366,\"height\":768,\"caption\":\"Zubak Grupa\"},\"image\":{\"@id\":\"https:\/\/www.zubakgrupa.hr\/#\/schema\/logo\/image\/\"}}]}<\/script>\n<!-- \/ Yoast SEO plugin. -->","yoast_head_json":{"title":"Careers | Zubak Grupa","description":"Working in the Zubak Grupa is primarily dynamic. We strive for excellence, learn from our own experience and grow continuously. We highly value energetic and open people who believe in themselves, who are communicative, ready for business challenges and who are prone to teamwork.","robots":{"index":"index","follow":"follow","max-snippet":"max-snippet:-1","max-image-preview":"max-image-preview:large","max-video-preview":"max-video-preview:-1"},"canonical":"https:\/\/www.zubakgrupa.hr\/en\/careers\/","og_locale":"en_US","og_type":"article","og_title":"Careers | Zubak Grupa","og_description":"Working in the Zubak Grupa is primarily dynamic. We strive for excellence, learn from our own experience and grow continuously. We highly value energetic and open people who believe in themselves, who are communicative, ready for business challenges and who are prone to teamwork.","og_url":"https:\/\/www.zubakgrupa.hr\/en\/careers\/","og_site_name":"Zubak Grupa","article_modified_time":"2025-03-20T07:28:03+00:00","twitter_card":"summary_large_image","schema":{"@context":"https:\/\/schema.org","@graph":[{"@type":"WebPage","@id":"https:\/\/www.zubakgrupa.hr\/en\/careers\/","url":"https:\/\/www.zubakgrupa.hr\/en\/careers\/","name":"Careers | Zubak Grupa","isPartOf":{"@id":"https:\/\/www.zubakgrupa.hr\/#website"},"datePublished":"2022-03-10T07:56:44+00:00","dateModified":"2025-03-20T07:28:03+00:00","description":"Working in the Zubak Grupa is primarily dynamic. We strive for excellence, learn from our own experience and grow continuously. We highly value energetic and open people who believe in themselves, who are communicative, ready for business challenges and who are prone to teamwork.","breadcrumb":{"@id":"https:\/\/www.zubakgrupa.hr\/en\/careers\/#breadcrumb"},"inLanguage":"en-US","potentialAction":[{"@type":"ReadAction","target":["https:\/\/www.zubakgrupa.hr\/en\/careers\/"]}]},{"@type":"BreadcrumbList","@id":"https:\/\/www.zubakgrupa.hr\/en\/careers\/#breadcrumb","itemListElement":[{"@type":"ListItem","position":1,"name":"Po\u010detna stranica","item":"https:\/\/www.zubakgrupa.hr\/en\/"},{"@type":"ListItem","position":2,"name":"Careers"}]},{"@type":"WebSite","@id":"https:\/\/www.zubakgrupa.hr\/#website","url":"https:\/\/www.zubakgrupa.hr\/","name":"Zubak Grupa","description":"Zubak Grupa zapo\u010dela je radom prije vi\u0161e od 40 godina kao mala automehani\u010darska radionica, a danas broji vi\u0161e od 600 zaposlenika...","publisher":{"@id":"https:\/\/www.zubakgrupa.hr\/#organization"},"potentialAction":[{"@type":"SearchAction","target":{"@type":"EntryPoint","urlTemplate":"https:\/\/www.zubakgrupa.hr\/?s={search_term_string}"},"query-input":{"@type":"PropertyValueSpecification","valueRequired":true,"valueName":"search_term_string"}}],"inLanguage":"en-US"},{"@type":"Organization","@id":"https:\/\/www.zubakgrupa.hr\/#organization","name":"Zubak Grupa","url":"https:\/\/www.zubakgrupa.hr\/","logo":{"@type":"ImageObject","inLanguage":"en-US","@id":"https:\/\/www.zubakgrupa.hr\/#\/schema\/logo\/image\/","url":"https:\/\/www.zubakgrupa.hr\/wp-content\/uploads\/2022\/04\/Zubak_Grupa.png","contentUrl":"https:\/\/www.zubakgrupa.hr\/wp-content\/uploads\/2022\/04\/Zubak_Grupa.png","width":1366,"height":768,"caption":"Zubak Grupa"},"image":{"@id":"https:\/\/www.zubakgrupa.hr\/#\/schema\/logo\/image\/"}}]}},"_links":{"self":[{"href":"https:\/\/www.zubakgrupa.hr\/en\/wp-json\/wp\/v2\/pages\/1892","targetHints":{"allow":["GET"]}}],"collection":[{"href":"https:\/\/www.zubakgrupa.hr\/en\/wp-json\/wp\/v2\/pages"}],"about":[{"href":"https:\/\/www.zubakgrupa.hr\/en\/wp-json\/wp\/v2\/types\/page"}],"author":[{"embeddable":true,"href":"https:\/\/www.zubakgrupa.hr\/en\/wp-json\/wp\/v2\/users\/1"}],"replies":[{"embeddable":true,"href":"https:\/\/www.zubakgrupa.hr\/en\/wp-json\/wp\/v2\/comments?post=1892"}],"version-history":[{"count":18,"href":"https:\/\/www.zubakgrupa.hr\/en\/wp-json\/wp\/v2\/pages\/1892\/revisions"}],"predecessor-version":[{"id":51856,"href":"https:\/\/www.zubakgrupa.hr\/en\/wp-json\/wp\/v2\/pages\/1892\/revisions\/51856"}],"wp:attachment":[{"href":"https:\/\/www.zubakgrupa.hr\/en\/wp-json\/wp\/v2\/media?parent=1892"}],"curies":[{"name":"wp","href":"https:\/\/api.w.org\/{rel}","templated":true}]}}